{"id":23,"date":"2025-05-27T15:53:49","date_gmt":"2025-05-27T15:53:49","guid":{"rendered":"https:\/\/koianderetattoo.rkinformatika.online\/?page_id=23"},"modified":"2025-05-28T14:22:50","modified_gmt":"2025-05-28T14:22:50","slug":"servicios","status":"publish","type":"page","link":"https:\/\/koianderetattoo.com\/eu\/servicios\/","title":{"rendered":"Zerbitzuak"},"content":{"rendered":"<div data-elementor-type=\"wp-page\" data-elementor-id=\"23\" class=\"elementor elementor-23\" data-elementor-post-type=\"page\">\n\t\t\t\t<div class=\"elementor-element elementor-element-5939544 e-flex e-con-boxed e-con e-parent\" data-id=\"5939544\" data-element_type=\"container\" data-e-type=\"container\" data-settings=\"{&quot;background_background&quot;:&quot;classic&quot;}\">\n\t\t\t\t\t<div class=\"e-con-inner\">\n\t\t\t\t<div class=\"elementor-element elementor-element-8947caf elementor-invisible elementor-widget elementor-widget-heading\" data-id=\"8947caf\" data-element_type=\"widget\" data-e-type=\"widget\" data-settings=\"{&quot;_animation&quot;:&quot;fadeInLeft&quot;}\" data-widget_type=\"heading.default\">\n\t\t\t\t<div class=\"elementor-widget-container\">\n\t\t\t\t\t<h2 class=\"elementor-heading-title elementor-size-default\">Zerbitzuak<\/h2>\t\t\t\t<\/div>\n\t\t\t\t<\/div>\n\t\t\t\t\t<\/div>\n\t\t\t\t<\/div>\n\t\t<div class=\"elementor-element elementor-element-5bc67f8 e-flex e-con-boxed e-con e-parent\" data-id=\"5bc67f8\" data-element_type=\"container\" data-e-type=\"container\" data-settings=\"{&quot;background_background&quot;:&quot;classic&quot;}\">\n\t\t\t\t\t<div class=\"e-con-inner\">\n\t\t<div class=\"elementor-element elementor-element-2e38f22 e-con-full e-flex e-con e-child\" data-id=\"2e38f22\" data-element_type=\"container\" data-e-type=\"container\" data-settings=\"{&quot;background_background&quot;:&quot;classic&quot;}\">\n\t\t\t\t<div class=\"elementor-element elementor-element-1791ce0 elementor-widget-tablet__width-initial elementor-widget elementor-widget-heading\" data-id=\"1791ce0\" data-element_type=\"widget\" data-e-type=\"widget\" data-widget_type=\"heading.default\">\n\t\t\t\t<div class=\"elementor-widget-container\">\n\t\t\t\t\t<h2 class=\"elementor-heading-title elementor-size-default\">Tatuajes Personalizados<\/h2>\t\t\t\t<\/div>\n\t\t\t\t<\/div>\n\t\t\t\t<div class=\"elementor-element elementor-element-c8c3f0e elementor-widget elementor-widget-text-editor\" data-id=\"c8c3f0e\" data-element_type=\"widget\" data-e-type=\"widget\" data-widget_type=\"text-editor.default\">\n\t\t\t\t<div class=\"elementor-widget-container\">\n\t\t\t\t\t\t\t\t\t<p data-start=\"350\" data-end=\"547\">Creamos tatuajes \u00fanicos adaptados a tu estilo e historia. Nuestros artistas trabajan contigo desde el dise\u00f1o hasta la aplicaci\u00f3n final, asegurando resultados de alta calidad y significado personal.<\/p><ul data-start=\"549\" data-end=\"724\"><li data-start=\"549\" data-end=\"635\"><p data-start=\"551\" data-end=\"635\">Estilos variados: realismo, tradicional, blackwork, fine line, neotradicional y m\u00e1s.<\/p><\/li><li data-start=\"636\" data-end=\"681\"><p data-start=\"638\" data-end=\"681\">Citas programadas y atenci\u00f3n personalizada.<\/p><\/li><li data-start=\"682\" data-end=\"724\"><p data-start=\"684\" data-end=\"724\">Higiene y materiales de primera calidad.<\/p><\/li><\/ul>\t\t\t\t\t\t\t\t<\/div>\n\t\t\t\t<\/div>\n\t\t\t\t<\/div>\n\t\t<div class=\"elementor-element elementor-element-ac39a7b e-con-full e-flex e-con e-child\" data-id=\"ac39a7b\" data-element_type=\"container\" data-e-type=\"container\" data-settings=\"{&quot;background_background&quot;:&quot;classic&quot;}\">\n\t\t\t\t<div class=\"elementor-element elementor-element-9363aa5 elementor-widget-tablet__width-initial elementor-widget elementor-widget-heading\" data-id=\"9363aa5\" data-element_type=\"widget\" data-e-type=\"widget\" data-widget_type=\"heading.default\">\n\t\t\t\t<div class=\"elementor-widget-container\">\n\t\t\t\t\t<h2 class=\"elementor-heading-title elementor-size-default\">Piercing Profesional<\/h2>\t\t\t\t<\/div>\n\t\t\t\t<\/div>\n\t\t\t\t<div class=\"elementor-element elementor-element-38a5480 elementor-widget elementor-widget-text-editor\" data-id=\"38a5480\" data-element_type=\"widget\" data-e-type=\"widget\" data-widget_type=\"text-editor.default\">\n\t\t\t\t<div class=\"elementor-widget-container\">\n\t\t\t\t\t\t\t\t\t<p data-start=\"763\" data-end=\"859\">Ofrecemos perforaciones corporales realizadas con t\u00e9cnicas seguras y materiales hipoalerg\u00e9nicos.<\/p><ul data-start=\"861\" data-end=\"1050\"><li data-start=\"861\" data-end=\"940\"><p data-start=\"863\" data-end=\"940\">Amplia variedad de zonas: orejas, nariz, cejas, labios, ombligo, entre otros.<\/p><\/li><li data-start=\"941\" data-end=\"1002\"><p data-start=\"943\" data-end=\"1002\">Uso de joyer\u00eda inicial de acero quir\u00fargico de alta calidad.<\/p><\/li><li data-start=\"1003\" data-end=\"1050\"><p data-start=\"1005\" data-end=\"1050\">Asesoramiento sobre cuidados y cicatrizaci\u00f3n.<\/p><\/li><\/ul>\t\t\t\t\t\t\t\t<\/div>\n\t\t\t\t<\/div>\n\t\t\t\t<\/div>\n\t\t\t\t\t<\/div>\n\t\t\t\t<\/div>\n\t\t<div class=\"elementor-element elementor-element-c1326f3 e-flex e-con-boxed e-con e-parent\" data-id=\"c1326f3\" data-element_type=\"container\" data-e-type=\"container\" data-settings=\"{&quot;background_background&quot;:&quot;classic&quot;}\">\n\t\t\t\t\t<div class=\"e-con-inner\">\n\t\t<div class=\"elementor-element elementor-element-04d1cb1 e-con-full e-flex e-con e-child\" data-id=\"04d1cb1\" data-element_type=\"container\" data-e-type=\"container\" data-settings=\"{&quot;background_background&quot;:&quot;classic&quot;}\">\n\t\t\t\t<div class=\"elementor-element elementor-element-07417f8 elementor-widget-tablet__width-initial elementor-widget elementor-widget-heading\" data-id=\"07417f8\" data-element_type=\"widget\" data-e-type=\"widget\" data-widget_type=\"heading.default\">\n\t\t\t\t<div class=\"elementor-widget-container\">\n\t\t\t\t\t<h2 class=\"elementor-heading-title elementor-size-default\">Joyer\u00eda de Piercing y Acero<\/h2>\t\t\t\t<\/div>\n\t\t\t\t<\/div>\n\t\t\t\t<div class=\"elementor-element elementor-element-7d1ad8f elementor-widget elementor-widget-text-editor\" data-id=\"7d1ad8f\" data-element_type=\"widget\" data-e-type=\"widget\" data-widget_type=\"text-editor.default\">\n\t\t\t\t<div class=\"elementor-widget-container\">\n\t\t\t\t\t\t\t\t\t<p data-start=\"1096\" data-end=\"1208\">Contamos con una l\u00ednea exclusiva de <strong data-start=\"1132\" data-end=\"1152\">joyer\u00eda corporal<\/strong> y <strong data-start=\"1155\" data-end=\"1175\">joyer\u00eda de acero<\/strong> para todos los gustos y estilos.<\/p><ul data-start=\"1210\" data-end=\"1341\"><li data-start=\"1210\" data-end=\"1240\"><p data-start=\"1212\" data-end=\"1240\">Dise\u00f1os cl\u00e1sicos y modernos.<\/p><\/li><li data-start=\"1241\" data-end=\"1289\"><p data-start=\"1243\" data-end=\"1289\">Materiales resistentes y seguros para la piel.<\/p><\/li><li data-start=\"1290\" data-end=\"1341\"><p data-start=\"1292\" data-end=\"1341\">Venta directa en tienda y asesor\u00eda personalizada.<\/p><\/li><\/ul>\t\t\t\t\t\t\t\t<\/div>\n\t\t\t\t<\/div>\n\t\t\t\t<\/div>\n\t\t<div class=\"elementor-element elementor-element-f44ec71 e-con-full e-flex e-con e-child\" data-id=\"f44ec71\" data-element_type=\"container\" data-e-type=\"container\" data-settings=\"{&quot;background_background&quot;:&quot;classic&quot;}\">\n\t\t\t\t<div class=\"elementor-element elementor-element-ff326ee elementor-widget-tablet__width-initial elementor-widget elementor-widget-heading\" data-id=\"ff326ee\" data-element_type=\"widget\" data-e-type=\"widget\" data-widget_type=\"heading.default\">\n\t\t\t\t<div class=\"elementor-widget-container\">\n\t\t\t\t\t<h2 class=\"elementor-heading-title elementor-size-default\">Eliminaci\u00f3n de Tatuajes<\/h2>\t\t\t\t<\/div>\n\t\t\t\t<\/div>\n\t\t\t\t<div class=\"elementor-element elementor-element-949e553 elementor-widget elementor-widget-text-editor\" data-id=\"949e553\" data-element_type=\"widget\" data-e-type=\"widget\" data-widget_type=\"text-editor.default\">\n\t\t\t\t<div class=\"elementor-widget-container\">\n\t\t\t\t\t\t\t\t\t<p data-start=\"1607\" data-end=\"1722\">\u00bfQuieres eliminar o corregir un tatuaje? Contamos con tecnolog\u00eda especializada para una remoci\u00f3n efectiva y segura.<\/p><ul data-start=\"1724\" data-end=\"1836\"><li data-start=\"1724\" data-end=\"1749\"><p data-start=\"1726\" data-end=\"1749\">Tratamientos con l\u00e1ser.<\/p><\/li><li data-start=\"1750\" data-end=\"1777\"><p data-start=\"1752\" data-end=\"1777\">Evaluaci\u00f3n personalizada.<\/p><\/li><li data-start=\"1778\" data-end=\"1836\"><p data-start=\"1780\" data-end=\"1836\">Seguimiento de resultados y recomendaciones post-sesi\u00f3n.<\/p><\/li><\/ul>\t\t\t\t\t\t\t\t<\/div>\n\t\t\t\t<\/div>\n\t\t\t\t<\/div>\n\t\t\t\t\t<\/div>\n\t\t\t\t<\/div>\n\t\t<div class=\"elementor-element elementor-element-c30b1e2 e-con-full e-flex e-con e-parent\" data-id=\"c30b1e2\" data-element_type=\"container\" data-e-type=\"container\" data-settings=\"{&quot;background_background&quot;:&quot;classic&quot;}\">\n\t\t\t\t<div class=\"elementor-element elementor-element-4b4f0b9 elementor-cta--skin-cover elementor-animated-content elementor-bg-transform elementor-bg-transform-zoom-in elementor-widget elementor-widget-call-to-action\" data-id=\"4b4f0b9\" data-element_type=\"widget\" data-e-type=\"widget\" data-widget_type=\"call-to-action.default\">\n\t\t\t\t<div class=\"elementor-widget-container\">\n\t\t\t\t\t\t\t<div class=\"elementor-cta\">\n\t\t\t\t\t<div class=\"elementor-cta__bg-wrapper\">\n\t\t\t\t<div class=\"elementor-cta__bg elementor-bg\" style=\"background-image: url(https:\/\/koianderetattoo.com\/wp-content\/uploads\/2025\/05\/343972-1024x683.jpg);\" role=\"img\" aria-label=\"343972\"><\/div>\n\t\t\t\t<div class=\"elementor-cta__bg-overlay\"><\/div>\n\t\t\t<\/div>\n\t\t\t\t\t\t\t<div class=\"elementor-cta__content\">\n\t\t\t\t\n\t\t\t\t\t\t\t\t\t<h2 class=\"elementor-cta__title elementor-cta__content-item elementor-content-item elementor-animated-item--grow\">\n\t\t\t\t\t\t\u00a1Explora Nuestra Tienda Online!\t\t\t\t\t<\/h2>\n\t\t\t\t\n\t\t\t\t\t\t\t\t\t<div class=\"elementor-cta__description elementor-cta__content-item elementor-content-item elementor-animated-item--grow\">\n\t\t\t\t\t\tMaterial profesional de tatuaje, joyer\u00eda para piercing, cremas, accesorios y m\u00e1s.\t\t\t\t\t<\/div>\n\t\t\t\t\n\t\t\t\t\t\t\t\t\t<div class=\"elementor-cta__button-wrapper elementor-cta__content-item elementor-content-item elementor-animated-item--grow\">\n\t\t\t\t\t<a class=\"elementor-cta__button elementor-button elementor-size-\" href=\"https:\/\/www.koianderetattoosupply.com\/shop-1\/\" target=\"_blank\">\n\t\t\t\t\t\tTIENDA ONLINE\t\t\t\t\t<\/a>\n\t\t\t\t\t<\/div>\n\t\t\t\t\t\t\t<\/div>\n\t\t\t\t\t\t<\/div>\n\t\t\t\t\t\t<\/div>\n\t\t\t\t<\/div>\n\t\t\t\t<\/div>\n\t\t\t\t<\/div>","protected":false},"excerpt":{"rendered":"<p>Servicios Tatuajes Personalizados Creamos tatuajes \u00fanicos adaptados a tu estilo e historia. Nuestros artistas trabajan contigo desde el dise\u00f1o hasta la aplicaci\u00f3n final, asegurando resultados de alta calidad y significado personal. Estilos variados: realismo, tradicional, blackwork, fine line, neotradicional y m\u00e1s. Citas programadas y atenci\u00f3n personalizada. Higiene y materiales de primera calidad. Piercing Profesional Ofrecemos [&hellip;]<\/p>\n","protected":false},"author":1,"featured_media":0,"parent":0,"menu_order":0,"comment_status":"closed","ping_status":"closed","template":"","meta":{"footnotes":""},"class_list":["post-23","page","type-page","status-publish","hentry"],"yoast_head":"<!-- This site is optimized with the Yoast SEO plugin v27.5 - https:\/\/yoast.com\/product\/yoast-seo-wordpress\/ -->\n<title>Servicios - Koiandere Tattoo<\/title>\n<meta name=\"robots\" content=\"index, follow, max-snippet:-1, max-image-preview:large, max-video-preview:-1\" \/>\n<link rel=\"canonical\" href=\"https:\/\/koianderetattoo.com\/eu\/servicios\/\" \/>\n<meta property=\"og:locale\" content=\"en_US\" \/>\n<meta property=\"og:type\" content=\"article\" \/>\n<meta property=\"og:title\" content=\"Servicios - Koiandere Tattoo\" \/>\n<meta property=\"og:description\" content=\"Servicios Tatuajes Personalizados Creamos tatuajes \u00fanicos adaptados a tu estilo e historia. Nuestros artistas trabajan contigo desde el dise\u00f1o hasta la aplicaci\u00f3n final, asegurando resultados de alta calidad y significado personal. Estilos variados: realismo, tradicional, blackwork, fine line, neotradicional y m\u00e1s. Citas programadas y atenci\u00f3n personalizada. Higiene y materiales de primera calidad. Piercing Profesional Ofrecemos [&hellip;]\" \/>\n<meta property=\"og:url\" content=\"https:\/\/koianderetattoo.com\/eu\/servicios\/\" \/>\n<meta property=\"og:site_name\" content=\"Koiandere Tattoo\" \/>\n<meta property=\"article:modified_time\" content=\"2025-05-28T14:22:50+00:00\" \/>\n<meta name=\"twitter:card\" content=\"summary_large_image\" \/>\n<meta name=\"twitter:label1\" content=\"Est. reading time\" \/>\n\t<meta name=\"twitter:data1\" content=\"1 minutua\" \/>\n<script type=\"application\/ld+json\" class=\"yoast-schema-graph\">{\"@context\":\"https:\\\/\\\/schema.org\",\"@graph\":[{\"@type\":\"WebPage\",\"@id\":\"https:\\\/\\\/koianderetattoo.com\\\/servicios\\\/\",\"url\":\"https:\\\/\\\/koianderetattoo.com\\\/servicios\\\/\",\"name\":\"Servicios - Koiandere Tattoo\",\"isPartOf\":{\"@id\":\"https:\\\/\\\/koianderetattoo.com\\\/#website\"},\"datePublished\":\"2025-05-27T15:53:49+00:00\",\"dateModified\":\"2025-05-28T14:22:50+00:00\",\"breadcrumb\":{\"@id\":\"https:\\\/\\\/koianderetattoo.com\\\/servicios\\\/#breadcrumb\"},\"inLanguage\":\"eu\",\"potentialAction\":[{\"@type\":\"ReadAction\",\"target\":[\"https:\\\/\\\/koianderetattoo.com\\\/servicios\\\/\"]}]},{\"@type\":\"BreadcrumbList\",\"@id\":\"https:\\\/\\\/koianderetattoo.com\\\/servicios\\\/#breadcrumb\",\"itemListElement\":[{\"@type\":\"ListItem\",\"position\":1,\"name\":\"Portada\",\"item\":\"https:\\\/\\\/koianderetattoo.com\\\/\"},{\"@type\":\"ListItem\",\"position\":2,\"name\":\"Servicios\"}]},{\"@type\":\"WebSite\",\"@id\":\"https:\\\/\\\/koianderetattoo.com\\\/#website\",\"url\":\"https:\\\/\\\/koianderetattoo.com\\\/\",\"name\":\"Koiandere Tattoo\",\"description\":\"Tattoo piercing eliminaci\u00f3n de tatuajes\",\"publisher\":{\"@id\":\"https:\\\/\\\/koianderetattoo.com\\\/#organization\"},\"potentialAction\":[{\"@type\":\"SearchAction\",\"target\":{\"@type\":\"EntryPoint\",\"urlTemplate\":\"https:\\\/\\\/koianderetattoo.com\\\/?s={search_term_string}\"},\"query-input\":{\"@type\":\"PropertyValueSpecification\",\"valueRequired\":true,\"valueName\":\"search_term_string\"}}],\"inLanguage\":\"eu\"},{\"@type\":\"Organization\",\"@id\":\"https:\\\/\\\/koianderetattoo.com\\\/#organization\",\"name\":\"Koiandere Tattoo\",\"url\":\"https:\\\/\\\/koianderetattoo.com\\\/\",\"logo\":{\"@type\":\"ImageObject\",\"inLanguage\":\"eu\",\"@id\":\"https:\\\/\\\/koianderetattoo.com\\\/#\\\/schema\\\/logo\\\/image\\\/\",\"url\":\"https:\\\/\\\/koianderetattoo.com\\\/wp-content\\\/uploads\\\/2025\\\/05\\\/cropped-Diseno-sin-titulo-1.png\",\"contentUrl\":\"https:\\\/\\\/koianderetattoo.com\\\/wp-content\\\/uploads\\\/2025\\\/05\\\/cropped-Diseno-sin-titulo-1.png\",\"width\":451,\"height\":391,\"caption\":\"Koiandere Tattoo\"},\"image\":{\"@id\":\"https:\\\/\\\/koianderetattoo.com\\\/#\\\/schema\\\/logo\\\/image\\\/\"}}]}<\/script>\n<!-- \/ Yoast SEO plugin. -->","yoast_head_json":{"title":"Servicios - Koiandere Tattoo","robots":{"index":"index","follow":"follow","max-snippet":"max-snippet:-1","max-image-preview":"max-image-preview:large","max-video-preview":"max-video-preview:-1"},"canonical":"https:\/\/koianderetattoo.com\/eu\/servicios\/","og_locale":"en_US","og_type":"article","og_title":"Servicios - Koiandere Tattoo","og_description":"Servicios Tatuajes Personalizados Creamos tatuajes \u00fanicos adaptados a tu estilo e historia. Nuestros artistas trabajan contigo desde el dise\u00f1o hasta la aplicaci\u00f3n final, asegurando resultados de alta calidad y significado personal. Estilos variados: realismo, tradicional, blackwork, fine line, neotradicional y m\u00e1s. Citas programadas y atenci\u00f3n personalizada. Higiene y materiales de primera calidad. Piercing Profesional Ofrecemos [&hellip;]","og_url":"https:\/\/koianderetattoo.com\/eu\/servicios\/","og_site_name":"Koiandere Tattoo","article_modified_time":"2025-05-28T14:22:50+00:00","twitter_card":"summary_large_image","twitter_misc":{"Est. reading time":"1 minutua"},"schema":{"@context":"https:\/\/schema.org","@graph":[{"@type":"WebPage","@id":"https:\/\/koianderetattoo.com\/servicios\/","url":"https:\/\/koianderetattoo.com\/servicios\/","name":"Servicios - Koiandere Tattoo","isPartOf":{"@id":"https:\/\/koianderetattoo.com\/#website"},"datePublished":"2025-05-27T15:53:49+00:00","dateModified":"2025-05-28T14:22:50+00:00","breadcrumb":{"@id":"https:\/\/koianderetattoo.com\/servicios\/#breadcrumb"},"inLanguage":"eu","potentialAction":[{"@type":"ReadAction","target":["https:\/\/koianderetattoo.com\/servicios\/"]}]},{"@type":"BreadcrumbList","@id":"https:\/\/koianderetattoo.com\/servicios\/#breadcrumb","itemListElement":[{"@type":"ListItem","position":1,"name":"Portada","item":"https:\/\/koianderetattoo.com\/"},{"@type":"ListItem","position":2,"name":"Servicios"}]},{"@type":"WebSite","@id":"https:\/\/koianderetattoo.com\/#website","url":"https:\/\/koianderetattoo.com\/","name":"Koiandere Tattoo","description":"Tattoo piercing eliminaci\u00f3n de tatuajes","publisher":{"@id":"https:\/\/koianderetattoo.com\/#organization"},"potentialAction":[{"@type":"SearchAction","target":{"@type":"EntryPoint","urlTemplate":"https:\/\/koianderetattoo.com\/?s={search_term_string}"},"query-input":{"@type":"PropertyValueSpecification","valueRequired":true,"valueName":"search_term_string"}}],"inLanguage":"eu"},{"@type":"Organization","@id":"https:\/\/koianderetattoo.com\/#organization","name":"Koiandere Tattoo","url":"https:\/\/koianderetattoo.com\/","logo":{"@type":"ImageObject","inLanguage":"eu","@id":"https:\/\/koianderetattoo.com\/#\/schema\/logo\/image\/","url":"https:\/\/koianderetattoo.com\/wp-content\/uploads\/2025\/05\/cropped-Diseno-sin-titulo-1.png","contentUrl":"https:\/\/koianderetattoo.com\/wp-content\/uploads\/2025\/05\/cropped-Diseno-sin-titulo-1.png","width":451,"height":391,"caption":"Koiandere Tattoo"},"image":{"@id":"https:\/\/koianderetattoo.com\/#\/schema\/logo\/image\/"}}]}},"_links":{"self":[{"href":"https:\/\/koianderetattoo.com\/eu\/wp-json\/wp\/v2\/pages\/23","targetHints":{"allow":["GET"]}}],"collection":[{"href":"https:\/\/koianderetattoo.com\/eu\/wp-json\/wp\/v2\/pages"}],"about":[{"href":"https:\/\/koianderetattoo.com\/eu\/wp-json\/wp\/v2\/types\/page"}],"author":[{"embeddable":true,"href":"https:\/\/koianderetattoo.com\/eu\/wp-json\/wp\/v2\/users\/1"}],"replies":[{"embeddable":true,"href":"https:\/\/koianderetattoo.com\/eu\/wp-json\/wp\/v2\/comments?post=23"}],"version-history":[{"count":34,"href":"https:\/\/koianderetattoo.com\/eu\/wp-json\/wp\/v2\/pages\/23\/revisions"}],"predecessor-version":[{"id":256,"href":"https:\/\/koianderetattoo.com\/eu\/wp-json\/wp\/v2\/pages\/23\/revisions\/256"}],"wp:attachment":[{"href":"https:\/\/koianderetattoo.com\/eu\/wp-json\/wp\/v2\/media?parent=23"}],"curies":[{"name":"wp","href":"https:\/\/api.w.org\/{rel}","templated":true}]}}