{"id":2,"date":"2025-05-27T15:38:50","date_gmt":"2025-05-27T15:38:50","guid":{"rendered":"https:\/\/koianderetattoo.rkinformatika.online\/?page_id=2"},"modified":"2025-05-28T14:25:47","modified_gmt":"2025-05-28T14:25:47","slug":"inicio","status":"publish","type":"page","link":"https:\/\/koianderetattoo.com\/eu\/","title":{"rendered":"Hasiera"},"content":{"rendered":"<div data-elementor-type=\"wp-page\" data-elementor-id=\"2\" class=\"elementor elementor-2\" data-elementor-post-type=\"page\">\n\t\t\t\t<div class=\"elementor-element elementor-element-ff24044 e-flex e-con-boxed e-con e-parent\" data-id=\"ff24044\" data-element_type=\"container\" data-e-type=\"container\" data-settings=\"{&quot;background_background&quot;:&quot;classic&quot;}\">\n\t\t\t\t\t<div class=\"e-con-inner\">\n\t\t\t\t<div class=\"elementor-element elementor-element-e566527 elementor-invisible elementor-widget elementor-widget-heading\" data-id=\"e566527\" data-element_type=\"widget\" data-e-type=\"widget\" data-settings=\"{&quot;_animation&quot;:&quot;fadeInLeft&quot;}\" data-widget_type=\"heading.default\">\n\t\t\t\t<div class=\"elementor-widget-container\">\n\t\t\t\t\t<h2 class=\"elementor-heading-title elementor-size-default\">Koiandere tattoo<\/h2>\t\t\t\t<\/div>\n\t\t\t\t<\/div>\n\t\t\t\t<div class=\"elementor-element elementor-element-8dadf0a elementor-invisible elementor-widget elementor-widget-text-editor\" data-id=\"8dadf0a\" data-element_type=\"widget\" data-e-type=\"widget\" data-settings=\"{&quot;_animation&quot;:&quot;fadeInUp&quot;}\" data-widget_type=\"text-editor.default\">\n\t\t\t\t<div class=\"elementor-widget-container\">\n\t\t\t\t\t\t\t\t\t<p>TATUAJE MATERIALAREN SALMENTA<\/p>\t\t\t\t\t\t\t\t<\/div>\n\t\t\t\t<\/div>\n\t\t\t\t\t<\/div>\n\t\t\t\t<\/div>\n\t\t<div class=\"elementor-element elementor-element-09c99c7 e-flex e-con-boxed e-con e-parent\" data-id=\"09c99c7\" data-element_type=\"container\" data-e-type=\"container\" data-settings=\"{&quot;background_background&quot;:&quot;classic&quot;}\">\n\t\t\t\t\t<div class=\"e-con-inner\">\n\t\t<div class=\"elementor-element elementor-element-b4b2ffb e-con-full e-flex e-con e-child\" data-id=\"b4b2ffb\" data-element_type=\"container\" data-e-type=\"container\">\n\t\t\t\t<div class=\"elementor-element elementor-element-c12cfee elementor-widget elementor-widget-heading\" data-id=\"c12cfee\" data-element_type=\"widget\" data-e-type=\"widget\" data-widget_type=\"heading.default\">\n\t\t\t\t<div class=\"elementor-widget-container\">\n\t\t\t\t\t<h2 class=\"elementor-heading-title elementor-size-default\">Guri buruz<\/h2>\t\t\t\t<\/div>\n\t\t\t\t<\/div>\n\t\t\t\t<div class=\"elementor-element elementor-element-8f51de1 elementor-widget elementor-widget-text-editor\" data-id=\"8f51de1\" data-element_type=\"widget\" data-e-type=\"widget\" data-widget_type=\"text-editor.default\">\n\t\t\t\t<div class=\"elementor-widget-container\">\n\t\t\t\t\t\t\t\t\t<p data-start=\"150\" data-end=\"459\"><strong data-start=\"150\" data-end=\"170\">Koiandere Tattoo<\/strong> 2021eko otsailean jaio zen, gorputzaren artea hurrengo mailara eramateko grinarekin. Hasieratik, tatuajea, piercinga, mikropigmentazioa eta tatuajeak kentzea profesionaltasunarekin, segurtasunarekin eta berrikuntzarekin konbinatzen dituen espazio bat eskaintzera bideratu gara.<\/p><p data-start=\"461\" data-end=\"819\">Adem\u00e1s de nuestros servicios, nos especializamos en la <strong data-start=\"516\" data-end=\"548\">venta de material de tatuaje<\/strong> de alta calidad: m\u00e1quinas, agujas, tintas, cremas, y todos los accesorios necesarios para profesionales del sector. Tambi\u00e9n contamos con una cuidada selecci\u00f3n de <strong data-start=\"711\" data-end=\"736\">joyer\u00eda para piercing<\/strong> y <strong data-start=\"739\" data-end=\"770\">joyer\u00eda de acero en general<\/strong>, ideal para quienes buscan estilo y durabilidad.<\/p><p data-start=\"821\" data-end=\"1026\">En Koiandere Tattoo, trabajamos con compromiso y pasi\u00f3n para ofrecer lo mejor tanto a artistas como a clientes. Ya seas profesional del tatuaje o entusiasta del body art, aqu\u00ed encontrar\u00e1s lo que necesitas.<\/p>\t\t\t\t\t\t\t\t<\/div>\n\t\t\t\t<\/div>\n\t\t\t\t<\/div>\n\t\t<div class=\"elementor-element elementor-element-de717ec e-con-full e-flex e-con e-child\" data-id=\"de717ec\" data-element_type=\"container\" data-e-type=\"container\">\n\t\t\t\t<div class=\"elementor-element elementor-element-533df07 elementor-widget elementor-widget-image\" data-id=\"533df07\" data-element_type=\"widget\" data-e-type=\"widget\" data-widget_type=\"image.default\">\n\t\t\t\t<div class=\"elementor-widget-container\">\n\t\t\t\t\t\t\t\t\t\t\t\t\t\t\t<img fetchpriority=\"high\" decoding=\"async\" width=\"800\" height=\"601\" src=\"https:\/\/koianderetattoo.com\/wp-content\/uploads\/2025\/05\/close-up-hand-holding-ring-1024x769.jpg\" class=\"attachment-large size-large wp-image-105\" alt=\"\" srcset=\"https:\/\/koianderetattoo.com\/wp-content\/uploads\/2025\/05\/close-up-hand-holding-ring-1024x769.jpg 1024w, https:\/\/koianderetattoo.com\/wp-content\/uploads\/2025\/05\/close-up-hand-holding-ring-300x225.jpg 300w, https:\/\/koianderetattoo.com\/wp-content\/uploads\/2025\/05\/close-up-hand-holding-ring-768x577.jpg 768w, https:\/\/koianderetattoo.com\/wp-content\/uploads\/2025\/05\/close-up-hand-holding-ring-1536x1153.jpg 1536w, https:\/\/koianderetattoo.com\/wp-content\/uploads\/2025\/05\/close-up-hand-holding-ring-2048x1538.jpg 2048w, https:\/\/koianderetattoo.com\/wp-content\/uploads\/2025\/05\/close-up-hand-holding-ring-16x12.jpg 16w\" sizes=\"(max-width: 800px) 100vw, 800px\" \/>\t\t\t\t\t\t\t\t\t\t\t\t\t\t\t<\/div>\n\t\t\t\t<\/div>\n\t\t\t\t<\/div>\n\t\t\t\t\t<\/div>\n\t\t\t\t<\/div>\n\t\t<div class=\"elementor-element elementor-element-03138c4 e-con-full e-flex e-con e-parent\" data-id=\"03138c4\" data-element_type=\"container\" data-e-type=\"container\" data-settings=\"{&quot;background_background&quot;:&quot;classic&quot;}\">\n\t\t\t\t<div class=\"elementor-element elementor-element-f474e3b elementor-cta--skin-cover elementor-animated-content elementor-bg-transform elementor-bg-transform-zoom-in elementor-widget elementor-widget-call-to-action\" data-id=\"f474e3b\" data-element_type=\"widget\" data-e-type=\"widget\" data-widget_type=\"call-to-action.default\">\n\t\t\t\t<div class=\"elementor-widget-container\">\n\t\t\t\t\t\t\t<div class=\"elementor-cta\">\n\t\t\t\t\t<div class=\"elementor-cta__bg-wrapper\">\n\t\t\t\t<div class=\"elementor-cta__bg elementor-bg\" style=\"background-image: url(https:\/\/koianderetattoo.com\/wp-content\/uploads\/2025\/05\/343972-1024x683.jpg);\" role=\"img\" aria-label=\"343972\"><\/div>\n\t\t\t\t<div class=\"elementor-cta__bg-overlay\"><\/div>\n\t\t\t<\/div>\n\t\t\t\t\t\t\t<div class=\"elementor-cta__content\">\n\t\t\t\t\n\t\t\t\t\t\t\t\t\t<h2 class=\"elementor-cta__title elementor-cta__content-item elementor-content-item elementor-animated-item--grow\">\n\t\t\t\t\t\tEzagutu Gure Zerbitzuak\t\t\t\t\t<\/h2>\n\t\t\t\t\n\t\t\t\t\t\t\t\t\t<div class=\"elementor-cta__description elementor-cta__content-item elementor-content-item elementor-animated-item--grow\">\n\t\t\t\t\t\tJarri gurekin harremanetan gaur bertan, eta eman zure hurrengo eraldaketarako lehen urratsa.\t\t\t\t\t<\/div>\n\t\t\t\t\n\t\t\t\t\t\t\t\t\t<div class=\"elementor-cta__button-wrapper elementor-cta__content-item elementor-content-item elementor-animated-item--grow\">\n\t\t\t\t\t<a class=\"elementor-cta__button elementor-button elementor-size-\" href=\"https:\/\/koianderetattoo.com\/eu\/servicios\/\">\n\t\t\t\t\t\tZERBITZUAK\t\t\t\t\t<\/a>\n\t\t\t\t\t<\/div>\n\t\t\t\t\t\t\t<\/div>\n\t\t\t\t\t\t<\/div>\n\t\t\t\t\t\t<\/div>\n\t\t\t\t<\/div>\n\t\t\t\t<\/div>\n\t\t\t\t<\/div>","protected":false},"excerpt":{"rendered":"<p>Koiandere tattoo VENTA DE MATERIAL DE TATUAJES Sobre Nosotros Koiandere Tattoo naci\u00f3 en febrero de 2021 con la pasi\u00f3n de llevar el arte corporal al siguiente nivel. Desde nuestros inicios, nos hemos enfocado en ofrecer un espacio donde el tatuaje, el piercing, la micropigmentaci\u00f3n y la eliminaci\u00f3n de tatuajes se combinan con profesionalismo, seguridad e [&hellip;]<\/p>\n","protected":false},"author":1,"featured_media":0,"parent":0,"menu_order":0,"comment_status":"closed","ping_status":"closed","template":"","meta":{"footnotes":""},"class_list":["post-2","page","type-page","status-publish","hentry"],"yoast_head":"<!-- This site is optimized with the Yoast SEO plugin v27.5 - https:\/\/yoast.com\/product\/yoast-seo-wordpress\/ -->\n<title>Inicio - Koiandere Tattoo<\/title>\n<meta name=\"robots\" content=\"index, follow, max-snippet:-1, max-image-preview:large, max-video-preview:-1\" \/>\n<link rel=\"canonical\" href=\"https:\/\/koianderetattoo.com\/eu\/\" \/>\n<meta property=\"og:locale\" content=\"en_US\" \/>\n<meta property=\"og:type\" content=\"article\" \/>\n<meta property=\"og:title\" content=\"Inicio - Koiandere Tattoo\" \/>\n<meta property=\"og:description\" content=\"Koiandere tattoo VENTA DE MATERIAL DE TATUAJES Sobre Nosotros Koiandere Tattoo naci\u00f3 en febrero de 2021 con la pasi\u00f3n de llevar el arte corporal al siguiente nivel. Desde nuestros inicios, nos hemos enfocado en ofrecer un espacio donde el tatuaje, el piercing, la micropigmentaci\u00f3n y la eliminaci\u00f3n de tatuajes se combinan con profesionalismo, seguridad e [&hellip;]\" \/>\n<meta property=\"og:url\" content=\"https:\/\/koianderetattoo.com\/eu\/\" \/>\n<meta property=\"og:site_name\" content=\"Koiandere Tattoo\" \/>\n<meta property=\"article:modified_time\" content=\"2025-05-28T14:25:47+00:00\" \/>\n<meta property=\"og:image\" content=\"https:\/\/koianderetattoo.com\/wp-content\/uploads\/2025\/05\/close-up-hand-holding-ring-scaled.jpg\" \/>\n\t<meta property=\"og:image:width\" content=\"2560\" \/>\n\t<meta property=\"og:image:height\" content=\"1922\" \/>\n\t<meta property=\"og:image:type\" content=\"image\/jpeg\" \/>\n<meta name=\"twitter:card\" content=\"summary_large_image\" \/>\n<meta name=\"twitter:label1\" content=\"Est. reading time\" \/>\n\t<meta name=\"twitter:data1\" content=\"1 minutua\" \/>\n<script type=\"application\/ld+json\" class=\"yoast-schema-graph\">{\"@context\":\"https:\\\/\\\/schema.org\",\"@graph\":[{\"@type\":\"WebPage\",\"@id\":\"https:\\\/\\\/koianderetattoo.com\\\/\",\"url\":\"https:\\\/\\\/koianderetattoo.com\\\/\",\"name\":\"Inicio - Koiandere Tattoo\",\"isPartOf\":{\"@id\":\"https:\\\/\\\/koianderetattoo.com\\\/#website\"},\"primaryImageOfPage\":{\"@id\":\"https:\\\/\\\/koianderetattoo.com\\\/#primaryimage\"},\"image\":{\"@id\":\"https:\\\/\\\/koianderetattoo.com\\\/#primaryimage\"},\"thumbnailUrl\":\"https:\\\/\\\/koianderetattoo.com\\\/wp-content\\\/uploads\\\/2025\\\/05\\\/close-up-hand-holding-ring-1024x769.jpg\",\"datePublished\":\"2025-05-27T15:38:50+00:00\",\"dateModified\":\"2025-05-28T14:25:47+00:00\",\"breadcrumb\":{\"@id\":\"https:\\\/\\\/koianderetattoo.com\\\/#breadcrumb\"},\"inLanguage\":\"eu\",\"potentialAction\":[{\"@type\":\"ReadAction\",\"target\":[\"https:\\\/\\\/koianderetattoo.com\\\/\"]}]},{\"@type\":\"ImageObject\",\"inLanguage\":\"eu\",\"@id\":\"https:\\\/\\\/koianderetattoo.com\\\/#primaryimage\",\"url\":\"https:\\\/\\\/koianderetattoo.com\\\/wp-content\\\/uploads\\\/2025\\\/05\\\/close-up-hand-holding-ring-1024x769.jpg\",\"contentUrl\":\"https:\\\/\\\/koianderetattoo.com\\\/wp-content\\\/uploads\\\/2025\\\/05\\\/close-up-hand-holding-ring-1024x769.jpg\"},{\"@type\":\"BreadcrumbList\",\"@id\":\"https:\\\/\\\/koianderetattoo.com\\\/#breadcrumb\",\"itemListElement\":[{\"@type\":\"ListItem\",\"position\":1,\"name\":\"Portada\",\"item\":\"https:\\\/\\\/koianderetattoo.com\\\/\"},{\"@type\":\"ListItem\",\"position\":2,\"name\":\"Inicio\"}]},{\"@type\":\"WebSite\",\"@id\":\"https:\\\/\\\/koianderetattoo.com\\\/#website\",\"url\":\"https:\\\/\\\/koianderetattoo.com\\\/\",\"name\":\"Koiandere Tattoo\",\"description\":\"Tattoo piercing eliminaci\u00f3n de tatuajes\",\"publisher\":{\"@id\":\"https:\\\/\\\/koianderetattoo.com\\\/#organization\"},\"potentialAction\":[{\"@type\":\"SearchAction\",\"target\":{\"@type\":\"EntryPoint\",\"urlTemplate\":\"https:\\\/\\\/koianderetattoo.com\\\/?s={search_term_string}\"},\"query-input\":{\"@type\":\"PropertyValueSpecification\",\"valueRequired\":true,\"valueName\":\"search_term_string\"}}],\"inLanguage\":\"eu\"},{\"@type\":\"Organization\",\"@id\":\"https:\\\/\\\/koianderetattoo.com\\\/#organization\",\"name\":\"Koiandere Tattoo\",\"url\":\"https:\\\/\\\/koianderetattoo.com\\\/\",\"logo\":{\"@type\":\"ImageObject\",\"inLanguage\":\"eu\",\"@id\":\"https:\\\/\\\/koianderetattoo.com\\\/#\\\/schema\\\/logo\\\/image\\\/\",\"url\":\"https:\\\/\\\/koianderetattoo.com\\\/wp-content\\\/uploads\\\/2025\\\/05\\\/cropped-Diseno-sin-titulo-1.png\",\"contentUrl\":\"https:\\\/\\\/koianderetattoo.com\\\/wp-content\\\/uploads\\\/2025\\\/05\\\/cropped-Diseno-sin-titulo-1.png\",\"width\":451,\"height\":391,\"caption\":\"Koiandere Tattoo\"},\"image\":{\"@id\":\"https:\\\/\\\/koianderetattoo.com\\\/#\\\/schema\\\/logo\\\/image\\\/\"}}]}<\/script>\n<!-- \/ Yoast SEO plugin. -->","yoast_head_json":{"title":"Inicio - Koiandere Tattoo","robots":{"index":"index","follow":"follow","max-snippet":"max-snippet:-1","max-image-preview":"max-image-preview:large","max-video-preview":"max-video-preview:-1"},"canonical":"https:\/\/koianderetattoo.com\/eu\/","og_locale":"en_US","og_type":"article","og_title":"Inicio - Koiandere Tattoo","og_description":"Koiandere tattoo VENTA DE MATERIAL DE TATUAJES Sobre Nosotros Koiandere Tattoo naci\u00f3 en febrero de 2021 con la pasi\u00f3n de llevar el arte corporal al siguiente nivel. Desde nuestros inicios, nos hemos enfocado en ofrecer un espacio donde el tatuaje, el piercing, la micropigmentaci\u00f3n y la eliminaci\u00f3n de tatuajes se combinan con profesionalismo, seguridad e [&hellip;]","og_url":"https:\/\/koianderetattoo.com\/eu\/","og_site_name":"Koiandere Tattoo","article_modified_time":"2025-05-28T14:25:47+00:00","og_image":[{"width":2560,"height":1922,"url":"https:\/\/koianderetattoo.com\/wp-content\/uploads\/2025\/05\/close-up-hand-holding-ring-scaled.jpg","type":"image\/jpeg"}],"twitter_card":"summary_large_image","twitter_misc":{"Est. reading time":"1 minutua"},"schema":{"@context":"https:\/\/schema.org","@graph":[{"@type":"WebPage","@id":"https:\/\/koianderetattoo.com\/","url":"https:\/\/koianderetattoo.com\/","name":"Inicio - Koiandere Tattoo","isPartOf":{"@id":"https:\/\/koianderetattoo.com\/#website"},"primaryImageOfPage":{"@id":"https:\/\/koianderetattoo.com\/#primaryimage"},"image":{"@id":"https:\/\/koianderetattoo.com\/#primaryimage"},"thumbnailUrl":"https:\/\/koianderetattoo.com\/wp-content\/uploads\/2025\/05\/close-up-hand-holding-ring-1024x769.jpg","datePublished":"2025-05-27T15:38:50+00:00","dateModified":"2025-05-28T14:25:47+00:00","breadcrumb":{"@id":"https:\/\/koianderetattoo.com\/#breadcrumb"},"inLanguage":"eu","potentialAction":[{"@type":"ReadAction","target":["https:\/\/koianderetattoo.com\/"]}]},{"@type":"ImageObject","inLanguage":"eu","@id":"https:\/\/koianderetattoo.com\/#primaryimage","url":"https:\/\/koianderetattoo.com\/wp-content\/uploads\/2025\/05\/close-up-hand-holding-ring-1024x769.jpg","contentUrl":"https:\/\/koianderetattoo.com\/wp-content\/uploads\/2025\/05\/close-up-hand-holding-ring-1024x769.jpg"},{"@type":"BreadcrumbList","@id":"https:\/\/koianderetattoo.com\/#breadcrumb","itemListElement":[{"@type":"ListItem","position":1,"name":"Portada","item":"https:\/\/koianderetattoo.com\/"},{"@type":"ListItem","position":2,"name":"Inicio"}]},{"@type":"WebSite","@id":"https:\/\/koianderetattoo.com\/#website","url":"https:\/\/koianderetattoo.com\/","name":"Koiandere Tattoo","description":"Tattoo piercing eliminaci\u00f3n de tatuajes","publisher":{"@id":"https:\/\/koianderetattoo.com\/#organization"},"potentialAction":[{"@type":"SearchAction","target":{"@type":"EntryPoint","urlTemplate":"https:\/\/koianderetattoo.com\/?s={search_term_string}"},"query-input":{"@type":"PropertyValueSpecification","valueRequired":true,"valueName":"search_term_string"}}],"inLanguage":"eu"},{"@type":"Organization","@id":"https:\/\/koianderetattoo.com\/#organization","name":"Koiandere Tattoo","url":"https:\/\/koianderetattoo.com\/","logo":{"@type":"ImageObject","inLanguage":"eu","@id":"https:\/\/koianderetattoo.com\/#\/schema\/logo\/image\/","url":"https:\/\/koianderetattoo.com\/wp-content\/uploads\/2025\/05\/cropped-Diseno-sin-titulo-1.png","contentUrl":"https:\/\/koianderetattoo.com\/wp-content\/uploads\/2025\/05\/cropped-Diseno-sin-titulo-1.png","width":451,"height":391,"caption":"Koiandere Tattoo"},"image":{"@id":"https:\/\/koianderetattoo.com\/#\/schema\/logo\/image\/"}}]}},"_links":{"self":[{"href":"https:\/\/koianderetattoo.com\/eu\/wp-json\/wp\/v2\/pages\/2","targetHints":{"allow":["GET"]}}],"collection":[{"href":"https:\/\/koianderetattoo.com\/eu\/wp-json\/wp\/v2\/pages"}],"about":[{"href":"https:\/\/koianderetattoo.com\/eu\/wp-json\/wp\/v2\/types\/page"}],"author":[{"embeddable":true,"href":"https:\/\/koianderetattoo.com\/eu\/wp-json\/wp\/v2\/users\/1"}],"replies":[{"embeddable":true,"href":"https:\/\/koianderetattoo.com\/eu\/wp-json\/wp\/v2\/comments?post=2"}],"version-history":[{"count":76,"href":"https:\/\/koianderetattoo.com\/eu\/wp-json\/wp\/v2\/pages\/2\/revisions"}],"predecessor-version":[{"id":259,"href":"https:\/\/koianderetattoo.com\/eu\/wp-json\/wp\/v2\/pages\/2\/revisions\/259"}],"wp:attachment":[{"href":"https:\/\/koianderetattoo.com\/eu\/wp-json\/wp\/v2\/media?parent=2"}],"curies":[{"name":"wp","href":"https:\/\/api.w.org\/{rel}","templated":true}]}}